{"id":27,"date":"2025-01-15T17:32:50","date_gmt":"2025-01-15T17:32:50","guid":{"rendered":"https:\/\/cristosalva.eu\/wp\/programs\/"},"modified":"2026-04-28T11:41:51","modified_gmt":"2026-04-28T11:41:51","slug":"info","status":"publish","type":"page","link":"https:\/\/cristosalva.eu\/wp\/info\/","title":{"rendered":"ABOUT"},"content":{"rendered":"\n\n\n\n\n\n\n<h1>ABOUT<\/h1>\n\n\n\n\n\n\n\n\n\n\n\n\n\n<p>Lorem Ipsum has been the industry&#8217;s standard dummy text ever since the 1500s.<\/p>\n\n\n\n<p>Lorem Ipsum has been the industry&#8217;s standard dummy text ever since the 1500s.<\/p>\n\n\n\n<p>Lorem Ipsum has been the industry&#8217;s standard dummy text ever since the 1500s.<\/p>\n\n\n\n<p class=\"has-text-align-center has-medium-font-size\">Na noite do primeiro Natal, n\u00e3o havia lugar para acolher O&nbsp;Menino&nbsp;que&nbsp;viera de Cima.&nbsp;<br>Que Menino era esse?&nbsp;<br>O profeta Isa\u00edas anunciou o Seu Nascimento cerca de 700 anos antes de Cristo, O Ungido, nascer em Bel\u00e9m.&nbsp;<br>Isa\u00edas nomeou apenas alguns dos Seus muitos t\u00edtulos:&nbsp;&#8221;&nbsp;Maravilhoso, conselheiro,&nbsp;Deus Forte, Pai da Eternidade,&nbsp;Pr\u00edncipe da Paz.&#8221;&nbsp;<br>Veio de Cima, sem pecado,&nbsp;para viver a vida&nbsp;totalmente agrad\u00e1vel a Deus, uma vidaque&nbsp;nenhum ser humano&nbsp;consegue&nbsp;viver&nbsp;&nbsp;&nbsp;e&nbsp;tamb\u00e9m, para&nbsp;ser&nbsp;julgado e castigado, sem ter culpa, como se criminoso fosse tomando o lugar do ser humano, que n\u00e3o consegue cumprir toda a elevada Lei de Deus: o \u00danico Justo&nbsp;pagou&nbsp;a d\u00edvida&nbsp;do&nbsp;pecado de cada&nbsp;homem&nbsp;injusto,&nbsp;mas a morte n\u00e3o O prendeu, porque Ele \u00e9 Pai da Eternidade.&nbsp;<br>E porque \u00e9 Pr\u00edncipe da Paz, reconciliou com Deus,&nbsp;todos os que O aceitam como Salvador das suas almas e Senhor das suas vidas.&nbsp;<\/p>\n\n\n\n<p class=\"has-text-align-center\">Neste Natal, que o Aniversariante ocupe o Lugar de maior Honra nos cora\u00e7\u00f5es daqueles que O acolhem&nbsp;nas suas vidas, tal como diz a tradu\u00e7\u00e3o do refr\u00e3o da can\u00e7\u00e3o&nbsp;Joy to the World:&nbsp;<br>E porque fazemos votos de todos, no Natal e no Ano Novo, n\u00e3o ficarem indiferentes \u00e0 m\u00fasica que fala sobre o Nascimento de Cristo, seguem v\u00e1rias interpreta\u00e7\u00f5es do&nbsp;Joy to the World: &nbsp;<\/p>\n\n\n\n<p class=\"has-text-align-center\"><a href=\"https:\/\/youtu.be\/VDmIddF7DfQ%C2%A0(%20Joy%20to%20the%20World%20-%20Celtic%20Woman)\" target=\"_blank\" rel=\"noreferrer noopener\">https:\/\/youtu.be\/VDmIddF7DfQ&nbsp;( Joy to the World &#8211; Celtic Woman)<\/a>&nbsp;<\/p>\n\n\n\n<p class=\"has-text-align-center\">Fica uma curiosidade sobre o carol Silent Night, caso a desconhe\u00e7a.&nbsp;&nbsp;<br>A can\u00e7\u00e3o de Natal&nbsp;Silent Night &#8211; Noite Feliz&nbsp;parou a 1\u00aa guerra mundial por dia e meio, na v\u00e9spera de Natal de 1914, 100 anos&nbsp;depois o acontecimento foi relembrado num an\u00fancio publicit\u00e1rio..&nbsp;<br><a href=\"https:\/\/youtu.be\/NWF2JBb1bvM\" target=\"_blank\" rel=\"noreferrer noopener\">https:\/\/youtu.be\/NWF2JBb1bvM<\/a>&nbsp;&nbsp;<br><a href=\"https:\/\/youtu.be\/2s1YvnfcFVs\" target=\"_blank\" rel=\"noreferrer noopener\">https:\/\/youtu.be\/2s1YvnfcFVs<\/a>&nbsp;<br><a href=\"https:\/\/youtu.be\/s2RDIw4cdUg\" target=\"_blank\" rel=\"noreferrer noopener\">https:\/\/youtu.be\/s2RDIw4cdUg<\/a>&nbsp;<br><a href=\"https:\/\/youtu.be\/QsfiDlOakpQ\" target=\"_blank\" rel=\"noreferrer noopener\">https:\/\/youtu.be\/QsfiDlOakpQ<\/a>&nbsp;<br>O Mist\u00e9rio (n\u00e3o&nbsp;se trata de&nbsp;magia,&nbsp;mas de&nbsp;sobrenatural) do Natal, toca-nos profundamente.&nbsp;<\/p>\n\n\n\n<p class=\"has-text-align-center has-medium-font-size\">Que tenha uma consoada junto dos que mais ama, com Cristo,&nbsp;o Senhor que nasceu na manjedoura,&nbsp;para morrer por n\u00f3s na cruz&nbsp;&#8211;&nbsp;a presidir, a ser exaltado nas vidas, nas nossas e nas dos nossos. Um Santo Natal com Cristo, o Aniversariante, no Lugar de Honra dos nossos cora\u00e7\u00f5es e vidas.&nbsp;<br><a href=\"https:\/\/youtu.be\/kf16EBNTxGI\" target=\"_blank\" rel=\"noreferrer noopener\">https:\/\/youtu.be\/kf16EBNTxGI<\/a>&nbsp;(Silent Night )&nbsp;<br><a href=\"https:\/\/youtu.be\/CO6OZIY-lYw\" target=\"_blank\" rel=\"noreferrer noopener\">https:\/\/youtu.be\/CO6OZIY-lYw<\/a>&nbsp;( Holy Night )&nbsp;<br><a href=\"https:\/\/youtu.be\/1fhw2SGaCZw\" target=\"_blank\" rel=\"noreferrer noopener\">https:\/\/youtu.be\/1fhw2SGaCZw<\/a>&nbsp;(Christmas Medley)&nbsp;<\/p>\n\n\n\n<p class=\"has-text-align-center has-medium-font-size\">_____________________________________________________________________________________________________<\/p>\n\n\n\n<p class=\"has-text-align-center\"><strong>CHRISTMAS MESSAGE<\/strong>&nbsp;<\/p>\n\n\n\n<p class=\"has-text-align-center\"><strong>THE MYSTERY OF CHRISTMAS<\/strong><\/p>\n\n\n\n<p class=\"has-text-align-center\"><strong>&nbsp;is NOT MAGIC, there is no trick in it.<\/strong><\/p>\n\n\n\n<p class=\"has-text-align-center\"><strong>IT IS THE SUPERNATURAL OF GOD working among men!<\/strong><br><br>On the night of the first Christmas, there was no room to welcome the Baby Boy<\/p>\n\n\n\n<p class=\"has-text-align-center\">&nbsp;who had come from Above.&nbsp;<br><strong>&nbsp;&nbsp;&nbsp;&nbsp;&nbsp;&nbsp;&nbsp;&nbsp;&nbsp;&nbsp;&nbsp;&nbsp;&nbsp;&nbsp;&nbsp;&nbsp; Who was this Baby Boy?<\/strong>&nbsp;<br>The prophet Isaiah had foretold His Birth about 700 years before Christ<\/p>\n\n\n\n<p class=\"has-text-align-center\">The Anointed One would be born in Bethlehem.&nbsp;<br>Isaiah had already announced some of His many titles:&nbsp;<br><strong>&#8220;Wonderful, Counselor, Mighty God, Everlasting Father, Prince of Peace.&#8221;<br><br>He came from Above, this sinless Boy,<\/strong><\/p>\n\n\n\n<p class=\"has-text-align-center\"><strong>&nbsp;to live a life completely pleasing to God,&nbsp;<br>a life that no human being can live,&nbsp;<br>but also to be judged and punished in the place of sinful men\u2026<\/strong><\/p>\n\n\n\n<p class=\"has-text-align-center\"><strong>because He was The Only One without any fault.&nbsp;<\/strong><\/p>\n\n\n\n<p class=\"has-text-align-center\">The Only Innocent was condemned as though He were a criminal.<br>In His Death, He took upon Himself the transgressions of human beings,&nbsp;<\/p>\n\n\n\n<p class=\"has-text-align-center\">&nbsp;&nbsp;&nbsp;&nbsp;&nbsp;&nbsp;&nbsp;&nbsp;&nbsp;&nbsp;&nbsp;&nbsp;&nbsp;&nbsp;&nbsp;&nbsp;&nbsp;&nbsp;&nbsp;&nbsp;&nbsp;&nbsp;&nbsp;&nbsp;&nbsp;&nbsp;&nbsp;&nbsp;&nbsp;&nbsp;&nbsp;&nbsp;&nbsp;&nbsp;&nbsp;&nbsp;&nbsp;&nbsp;&nbsp;&nbsp;&nbsp;&nbsp;&nbsp;&nbsp;&nbsp;&nbsp;&nbsp;&nbsp;&nbsp;&nbsp; that repent of their sins and follow Him.<br>Those who cannot fulfill the very high Law of God&nbsp;<br>may BECAUSE OF HIM, be free from eternal death&#8230;&nbsp;<br><\/p>\n\n\n\n<p class=\"has-text-align-center\">The Only FAULTLESS, Just, Perfect One paid the debt of sin for every unjust man,&nbsp;<br>and death could not hold Him,<\/p>\n\n\n\n<p class=\"has-text-align-center\">because He is the Father of Eternity and Eternal Life.&nbsp;<\/p>\n\n\n\n<p class=\"has-text-align-center\">And because He is also the Prince of Peace, He reconciled with God&nbsp;<br>all those who accept Him as the Savior of their souls and the Lord of their lives.&nbsp;<\/p>\n\n\n\n<p class=\"has-text-align-center\"><br>This Christmas, may the Birthday Person occupy the Place of greatest Honor&nbsp;<br>in the hearts of those who welcome Him into their lives.<\/p>\n\n\n\n<p class=\"has-text-align-center\"><br>Just as the translation of the chorus of the song &#8220;Joy to the World&#8221; reminds us:&nbsp;<br>Sing that the Savior is born,&nbsp;<br>Receive, O earth, the KING,&nbsp;<br>May every heart&nbsp;<br>Welcome Him,&nbsp;<br>Heaven and earth sing \/2&nbsp;<br>All of nature praises His NAME.&nbsp;<br><br>Here is an interpretation of the well-known Christmas theme, the CAROL &#8220;Joy to the World<\/p>\n\n\n\n<p class=\"has-text-align-center\"><a href=\"https:\/\/youtu.be\/VDmIddF7DfQ\" target=\"_blank\" rel=\"noreferrer noopener\">https:\/\/youtu.be\/VDmIddF7DfQ<\/a>&nbsp;( Joy to the World &#8211; Celtic Woman)<\/p>\n\n\n\n<p class=\"has-text-align-center\">Still a curiosity about the carol Silent Night.&nbsp;<br>The Christmas carol Silent Night (Noite Feliz) stopped the fighting during World War I,&nbsp;<br>for a day and a half, on Christmas Eve of 1914, in a small stretch of the hostilities, uniting enemies in a brief truce of peace, initiated by the singing of this song.&nbsp;<br>100 years later, the event was remembered in a commercial.&nbsp;<br>[<a href=\"https:\/\/youtu.be\/NWF2JBb1bvM%5D(https:\/\/youtu.be\/NWF2JBb1bvM)\" target=\"_blank\" rel=\"noreferrer noopener\">https:\/\/youtu.be\/NWF2JBb1bvM](https:\/\/youtu.be\/NWF2JBb1bvM)<\/a>&nbsp;<br>[<a href=\"https:\/\/youtu.be\/NWF2JBb1bvM?si=4d52HBdUgf9Rq5Jl](https:\/\/youtu.be\/NWF2JBb1bvM?si=4d52HBdUgf9Rq5Jl)\" target=\"_blank\" rel=\"noreferrer noopener\">https:\/\/youtu.be\/NWF2JBb1bvM?si=4d52HBdUgf9Rq5Jl](https:\/\/youtu.be\/NWF2JBb1bvM?si=4d52HBdUgf9Rq5Jl)<\/a>&nbsp;<br><br><strong>Once again, CHRISTMAS is not about magic,&nbsp;<br>IT IS THE SUPERNATURAL OF GOD!&nbsp;<br>It deeply touches us that God became the PERFECT MAN to save imperfect, rebellious men,<\/strong><\/p>\n\n\n\n<p class=\"has-text-align-center\"><strong>&nbsp;those who turn to Him, repentant and submissive, to take Him as Saviour and Lord of their lives.<\/strong><\/p>\n\n\n\n<p class=\"has-text-align-center\"><br>May you have a Christmas Eve with those you love most.<\/p>\n\n\n\n<p class=\"has-text-align-center\"><strong>That Christ- the Lord who was born in a manger to die for us on the cross &#8211;&nbsp;<br>may preside and be exalted in our lives and in the lives of our loved ones.&nbsp;<\/strong><br><\/p>\n\n\n\n<p class=\"has-text-align-center\"><a href=\"https:\/\/youtu.be\/kf16EBNTxGI\" target=\"_blank\" rel=\"noreferrer noopener\">https:\/\/youtu.be\/kf16EBNTxGI<\/a>&nbsp;(Silent Night )<\/p>\n\n\n\n<p class=\"has-text-align-center\"><a href=\"https:\/\/youtu.be\/CO6OZIY-lYw\" target=\"_blank\" rel=\"noreferrer noopener\">https:\/\/youtu.be\/CO6OZIY-lYw<\/a>&nbsp;( Holy Night )<\/p>\n\n\n\n<p class=\"has-text-align-center\"><a href=\"https:\/\/youtu.be\/1fhw2SGaCZw\" target=\"_blank\" rel=\"noreferrer noopener\">https:\/\/youtu.be\/1fhw2SGaCZw<\/a>&nbsp;(Christmas Medley)<\/p>\n\n\n\n<p><\/p>\n\n\n\n<p><\/p>\n\n\n\n<p><strong>O PRESENTE de DEUS para a HUMANIDADE<\/strong><\/p>\n\n\n\n<p>Gostamos de dar presentes a quem amamos. Mas, quantos de n\u00f3s dar\u00edamos bons presentes aos nossos inimigos?<\/p>\n\n\n\n<p><strong>Tornamo-nos inimigos de Deus ao virarmos-Lhe as costas e ao vivermos uma vida de mentiras, invejas, enganos,<\/strong>&nbsp;<strong>vingan\u00e7as, falta de perd\u00e3o, imoralidade, falta de amor, por vezes \u00f3dio\/maldade, nas nossas mentes\/ cora\u00e7\u00f5es. A nossa alma est\u00e1 gravemente doente, suja. Ser\u00e1 que o conseguimos admitir?<\/strong><\/p>\n\n\n\n<p><strong>&nbsp;Algu\u00e9m dizia: \u201cN\u00e3o conseguimos saber quem realmente somos, at\u00e9 sabermos como Deus nos v\u00ea.\u201d&nbsp;<\/strong>Mesmo que achemos que estamos bem, quando nos comparamos com outros &#8211; todavia,&nbsp;<strong>N\u00c3O estamos bem aos Olhos de Deus.<\/strong>&nbsp;E isto \u00e9 quest\u00e3o para nos fazer parar. Deus sendo Santo, Perfeito, Justo, n\u00e3o pode contradizer-Se a Si Mesmo: tem de nos passar veredito de \u201cculpado\u201d, da mesma maneira que um juiz justo n\u00e3o pode ignorar infra\u00e7\u00f5es \u00e0 lei, no seu tribunal.&nbsp;&nbsp;<strong>O<\/strong><strong>&nbsp;nosso pecado condena a nossa alma a uma eternidade de tormento, longe do Deus Santo, Perfeito e Justo.<\/strong><\/p>\n\n\n\n<p class=\"has-black-color has-text-color has-link-color wp-elements-6cbe409b21a2835e947c7cc2dadfa44b\"><a>E aqu\u00ed entra a Raz\u00e3o de celebrarmos o Natal com tanta alegria, m\u00fasica, luzes, prendas, no meio da escurid\u00e3o. Deus, misericordiosamente, providenciou Salva\u00e7\u00e3o vinda e feita por Ele Mesmo<strong>, porque n\u00e3o havia um \u00fanico ser humano que fosse perfeito e justo. Deu-nos o Seu Melhor Presente, o Seu pr\u00f3prio Filho<\/strong>: Jesus Cristo, a Luz na escurid\u00e3o da humanidade.&nbsp;<\/a><strong>Jesus, sendo santo, perfeito e justo como o Seu Pai, veio para viver a vida totalmente santa, perfeita e justa que nos \u00e9 totalmente imposs\u00edvel viver, e avan\u00e7ou para morrer a morte totalmente inocente que nunca poder\u00edamos morrer. Jesus carregou sobre Si, no tribunal da cruz, toda a condena\u00e7\u00e3o que o nosso pecado exigia<\/strong>. Precisamos admitir que somos pecadores e n\u00e3o podemos fazer, de forma alguma, expia\u00e7\u00e3o\/repara\u00e7\u00e3o perfeita pelos nossos pecados.<\/p>\n\n\n\n<p><strong>Nesta \u00e9poca de Natal pe\u00e7a a Deus que o salve por causa da Vida perfeita, Morte e Ressurrei\u00e7\u00e3o de Cristo &#8211; o UNICO INOCENTE pagou a nossa enorme d\u00edvida. Ele foi o nosso Bode Expiat\u00f3rio; os culpados somos n\u00f3s. Fale com Deus, confesse-Lhe os seus pecados e diga-Lhe que quer viver de acordo com a Vontade Dele.<\/strong>&nbsp;Todos morreremos. S\u00f3 n\u00e3o sabemos quando. \u00c9 priorit\u00e1rio endireitarmos a nossa vida para nos encontrarmos com Deus, nos Seus termos benignos: reconciliados com Ele, pelos M\u00e9ritos do Seu Filho.<\/p>\n\n\n\n<p>Faz sentido para si? A Palavra de Deus avisa-nos que&nbsp;<strong>se n\u00e3o tivermos Cristo como Salvador da nossa alma e Senhor da nossa vida, o inferno ser\u00e1 irremediavelmente o destino da nossa alma infetada pelo pecado. N\u00e3o h\u00e1 uma segunda chance. Foi dessa trag\u00e9dia que Cristo nos veio salvar!&nbsp;<\/strong>Acredita que assim \u00e9?&nbsp;<strong>Neste Natal, pe\u00e7a a Jesus que ocupe o lugar de maior honra na sua vida.&nbsp;<\/strong><\/p>\n\n\n\n<p>\u201c\u2026&nbsp;<strong>o sal\u00e1rio do pecado \u00e9 a morte<\/strong>, mas&nbsp;<strong>o dom gratuito de Deus \u00e9 a<\/strong>&nbsp;<strong>vida eterna em Cristo Jesus, nosso Senho<\/strong>r.\u201d &nbsp; Romanos 6:23<\/p>\n\n\n\n<p><strong>\u201cQuem Nele cr\u00ea n\u00e3o \u00e9 condenado<\/strong>,&nbsp;mas quem n\u00e3o cr\u00ea j\u00e1 est\u00e1 condenado, por n\u00e3o crer no nome do Filho Unig\u00e9nito de Deus.\u201d&nbsp;Jo\u00e3o 3:18<\/p>\n\n\n\n<p>\u201c<strong>a todos os que O receberam<\/strong>&nbsp;&#8211; aqueles que creem no Seu nome &#8211;&nbsp;<strong>Ele deu o direito de se tornarem filhos de Deus<\/strong>&nbsp;&#8230;\u201d &nbsp;Jo\u00e3o 1:12<\/p>\n\n\n\n<p><strong>EMANUEL<\/strong>&nbsp;significa DEUS CONOSCO <strong>JESUS<\/strong>&nbsp;quer dizer DEUS SALVA&nbsp;<strong>CRISTO<\/strong>&nbsp;significa O UNGIDO DE  DEUS&nbsp;&nbsp;&nbsp;&nbsp;&nbsp;<\/p>\n\n\n\n<p>FELIZ NATAL!<\/p>\n\n\n\n<figure class=\"wp-block-image size-large\"><img loading=\"lazy\" decoding=\"async\" width=\"1024\" height=\"727\" src=\"https:\/\/cristosalva.eu\/wp\/wp-content\/uploads\/2025\/03\/Cartao-Natal_Prof.Teresa_1_CURVAS_NOVO_PORT-1024x727.png\" alt=\"\" class=\"wp-image-215\" srcset=\"https:\/\/cristosalva.eu\/wp\/wp-content\/uploads\/2025\/03\/Cartao-Natal_Prof.Teresa_1_CURVAS_NOVO_PORT-1024x727.png 1024w, https:\/\/cristosalva.eu\/wp\/wp-content\/uploads\/2025\/03\/Cartao-Natal_Prof.Teresa_1_CURVAS_NOVO_PORT-300x213.png 300w, https:\/\/cristosalva.eu\/wp\/wp-content\/uploads\/2025\/03\/Cartao-Natal_Prof.Teresa_1_CURVAS_NOVO_PORT-768x545.png 768w, https:\/\/cristosalva.eu\/wp\/wp-content\/uploads\/2025\/03\/Cartao-Natal_Prof.Teresa_1_CURVAS_NOVO_PORT-1536x1090.png 1536w, https:\/\/cristosalva.eu\/wp\/wp-content\/uploads\/2025\/03\/Cartao-Natal_Prof.Teresa_1_CURVAS_NOVO_PORT.png 1749w\" sizes=\"auto, (max-width: 1024px) 100vw, 1024px\" \/><\/figure>\n\n\n\n<figure class=\"wp-block-image size-large\"><img loading=\"lazy\" decoding=\"async\" width=\"1024\" height=\"727\" src=\"https:\/\/cristosalva.eu\/wp\/wp-content\/uploads\/2025\/03\/Cartao-Natal_Prof.Teresa_Ingles_Prancheta-1-1024x727.png\" alt=\"\" class=\"wp-image-351\" srcset=\"https:\/\/cristosalva.eu\/wp\/wp-content\/uploads\/2025\/03\/Cartao-Natal_Prof.Teresa_Ingles_Prancheta-1-1024x727.png 1024w, https:\/\/cristosalva.eu\/wp\/wp-content\/uploads\/2025\/03\/Cartao-Natal_Prof.Teresa_Ingles_Prancheta-1-300x213.png 300w, https:\/\/cristosalva.eu\/wp\/wp-content\/uploads\/2025\/03\/Cartao-Natal_Prof.Teresa_Ingles_Prancheta-1-768x545.png 768w, https:\/\/cristosalva.eu\/wp\/wp-content\/uploads\/2025\/03\/Cartao-Natal_Prof.Teresa_Ingles_Prancheta-1-1536x1090.png 1536w, https:\/\/cristosalva.eu\/wp\/wp-content\/uploads\/2025\/03\/Cartao-Natal_Prof.Teresa_Ingles_Prancheta-1.png 1749w\" sizes=\"auto, (max-width: 1024px) 100vw, 1024px\" \/><\/figure>\n\n\n\n<p>Lorem Ipsum has been the industry&#8217;s standard dummy text ever since the 1500s.<\/p>\n\n\n\n<p>Lorem Ipsum has been the industry&#8217;s standard dummy text ever since the 1500s.<\/p>\n\n\n\n<p>Lorem Ipsum has been the industry&#8217;s standard dummy text ever since the 1500s.<\/p>\n\n\n\n<p>Lorem Ipsum has been the industry&#8217;s standard dummy text ever since the 1500s.<\/p>\n\n\n\n\n<div class=\"wp-block-columns is-layout-flex wp-container-core-columns-is-layout-9d6595d7 wp-block-columns-is-layout-flex\">\n<div class=\"wp-block-column is-layout-flow wp-block-column-is-layout-flow\">\n<p>Lorem Ipsum has been the industry&#8217;s standard dummy text ever since the 1500s.<\/p>\n<\/div>\n\n\n\n<div class=\"wp-block-column is-layout-flow wp-block-column-is-layout-flow\">\n<p>Lorem Ipsum has been the industry&#8217;s standard dummy text ever since the 1500s.<\/p>\n<\/div>\n<\/div>\n\n\n\n\n<div class=\"wp-block-columns is-layout-flex wp-container-core-columns-is-layout-9d6595d7 wp-block-columns-is-layout-flex\">\n<div class=\"wp-block-column is-layout-flow wp-block-column-is-layout-flow\" style=\"flex-basis:50%\"><\/div>\n\n\n\n<div class=\"wp-block-column is-layout-flow wp-block-column-is-layout-flow\" style=\"flex-basis:50%\"><\/div>\n<\/div>\n\n\n\n<p>Lorem Ipsum has been the industry&#8217;s standard dummy text ever since the 1500s.<\/p>\n\n\n\n<p>Lorem Ipsum has been the industry&#8217;s standard dummy text ever since the 1500s.<\/p>\n\n\n\n<p>Lorem Ipsum has been the industry&#8217;s standard dummy text ever since the 1500s.<\/p>\n\n\n\n<p>Lorem Ipsum has been the industry&#8217;s standard dummy text ever since the 1500s.<\/p>\n\n\n\n<figure class=\"wp-block-image size-large is-resized\"><img loading=\"lazy\" decoding=\"async\" width=\"726\" height=\"1024\" src=\"https:\/\/cristosalva.eu\/wp\/wp-content\/uploads\/2026\/04\/MANDAMENTOS-E-DIVIDA-1-726x1024.png\" alt=\"\" class=\"wp-image-534\" style=\"width:726px;height:auto\" srcset=\"https:\/\/cristosalva.eu\/wp\/wp-content\/uploads\/2026\/04\/MANDAMENTOS-E-DIVIDA-1-726x1024.png 726w, https:\/\/cristosalva.eu\/wp\/wp-content\/uploads\/2026\/04\/MANDAMENTOS-E-DIVIDA-1-213x300.png 213w, https:\/\/cristosalva.eu\/wp\/wp-content\/uploads\/2026\/04\/MANDAMENTOS-E-DIVIDA-1-768x1083.png 768w, https:\/\/cristosalva.eu\/wp\/wp-content\/uploads\/2026\/04\/MANDAMENTOS-E-DIVIDA-1-1090x1536.png 1090w, https:\/\/cristosalva.eu\/wp\/wp-content\/uploads\/2026\/04\/MANDAMENTOS-E-DIVIDA-1.png 1240w\" sizes=\"auto, (max-width: 726px) 100vw, 726px\" \/><\/figure>\n\n\n\n<figure class=\"wp-block-image size-large\"><img loading=\"lazy\" decoding=\"async\" width=\"726\" height=\"1024\" src=\"https:\/\/cristosalva.eu\/wp\/wp-content\/uploads\/2026\/04\/MANDAMENTOS-E-DIVIDA-726x1024.png\" alt=\"\" class=\"wp-image-535\" srcset=\"https:\/\/cristosalva.eu\/wp\/wp-content\/uploads\/2026\/04\/MANDAMENTOS-E-DIVIDA-726x1024.png 726w, https:\/\/cristosalva.eu\/wp\/wp-content\/uploads\/2026\/04\/MANDAMENTOS-E-DIVIDA-213x300.png 213w, https:\/\/cristosalva.eu\/wp\/wp-content\/uploads\/2026\/04\/MANDAMENTOS-E-DIVIDA-768x1083.png 768w, https:\/\/cristosalva.eu\/wp\/wp-content\/uploads\/2026\/04\/MANDAMENTOS-E-DIVIDA-1090x1536.png 1090w, https:\/\/cristosalva.eu\/wp\/wp-content\/uploads\/2026\/04\/MANDAMENTOS-E-DIVIDA.png 1240w\" sizes=\"auto, (max-width: 726px) 100vw, 726px\" \/><\/figure>\n\n\n\n<figure class=\"wp-block-video\"><video height=\"800\" style=\"aspect-ratio: 800 \/ 800;\" width=\"800\" autoplay controls muted src=\"https:\/\/cristosalva.eu\/wp\/wp-content\/uploads\/2025\/03\/THE_BIRTHDAY_BOY_NOT_TO_BE_IGNORED_MUSIC_V4.mp4\" playsinline><\/video><\/figure>\n","protected":false},"excerpt":{"rendered":"<p>Na noite do primeiro Natal, n\u00e3o havia lugar para acolher O&nbsp;Menino&nbsp;que&nbsp;viera de Cima.&nbsp;Que Menino era esse?&nbsp;O profeta Isa\u00edas anunciou o Seu Nascimento cerca de 700 anos antes de Cristo, O Ungido, nascer em Bel\u00e9m.&nbsp;Isa\u00edas nomeou apenas alguns dos Seus muitos t\u00edtulos:&nbsp;&#8221;&nbsp;Maravilhoso, conselheiro,&nbsp;Deus Forte, Pai da Eternidade,&nbsp;Pr\u00edncipe da Paz.&#8221;&nbsp;Veio de Cima, sem pecado,&nbsp;para viver a vida&nbsp;totalmente [&hellip;]<\/p>\n","protected":false},"author":1,"featured_media":0,"parent":0,"menu_order":0,"comment_status":"closed","ping_status":"closed","template":"","meta":{"_siteseo_robots_primary_cat":"","pagelayer_contact_templates":[],"_pagelayer_content":"","footnotes":""},"class_list":["post-27","page","type-page","status-publish","hentry"],"_links":{"self":[{"href":"https:\/\/cristosalva.eu\/wp\/wp-json\/wp\/v2\/pages\/27","targetHints":{"allow":["GET"]}}],"collection":[{"href":"https:\/\/cristosalva.eu\/wp\/wp-json\/wp\/v2\/pages"}],"about":[{"href":"https:\/\/cristosalva.eu\/wp\/wp-json\/wp\/v2\/types\/page"}],"author":[{"embeddable":true,"href":"https:\/\/cristosalva.eu\/wp\/wp-json\/wp\/v2\/users\/1"}],"replies":[{"embeddable":true,"href":"https:\/\/cristosalva.eu\/wp\/wp-json\/wp\/v2\/comments?post=27"}],"version-history":[{"count":57,"href":"https:\/\/cristosalva.eu\/wp\/wp-json\/wp\/v2\/pages\/27\/revisions"}],"predecessor-version":[{"id":563,"href":"https:\/\/cristosalva.eu\/wp\/wp-json\/wp\/v2\/pages\/27\/revisions\/563"}],"wp:attachment":[{"href":"https:\/\/cristosalva.eu\/wp\/wp-json\/wp\/v2\/media?parent=27"}],"curies":[{"name":"wp","href":"https:\/\/api.w.org\/{rel}","templated":true}]}}